{"id":102,"date":"2025-12-22T19:18:04","date_gmt":"2025-12-22T18:18:04","guid":{"rendered":"https:\/\/serwer404844.lh.pl\/autoinstalator\/serwer404844.lh.pl\/wordpress144338\/?page_id=102"},"modified":"2025-12-30T21:18:02","modified_gmt":"2025-12-30T20:18:02","slug":"transport","status":"publish","type":"page","link":"https:\/\/alaibartek.pl\/index.php\/transport\/","title":{"rendered":"Transport"},"content":{"rendered":"\n<h3 class=\"wp-block-heading\">Transport<\/h3>\n\n\n\n<p>Chcemy, \u017ceby ka\u017cdy m\u00f3g\u0142 spokojnie dotrze\u0107 na \u015blub i wr\u00f3ci\u0107 po weselu bez stresu i kombinowania. Dlatego je\u015bli wiecie, \u017ce mo\u017cecie mie\u0107 problem z dojazdem albo powrotem, koniecznie dajcie nam zna\u0107 wcze\u015bniej.<\/p>\n\n\n\n<p>Na miejscu b\u0119dzie dost\u0119pny kierowca, kt\u00f3ry w razie potrzeby pomo\u017ce z transportem. Mo\u017ce Was zawie\u017a\u0107 na ceremoni\u0119, na sal\u0119 weseln\u0105 albo odwie\u017a\u0107 po zabawie, szczeg\u00f3lnie je\u015bli nie planujecie wraca\u0107 w\u0142asnym samochodem.<\/p>\n\n\n\n<p>Prosimy o zaznaczenie tej informacji w ankiecie.<\/p>\n\n\n\n\n\n<div class=\"wp-block-buttons is-content-justification-center is-layout-flex wp-container-core-buttons-is-layout-e08e9072 wp-block-buttons-is-layout-flex\" style=\"margin-top:var(--wp--preset--spacing--20);margin-bottom:var(--wp--preset--spacing--20);padding-top:0;padding-right:0;padding-bottom:0;padding-left:0\">\n<div class=\"wp-block-button has-custom-width wp-block-button__width-50 is-style-fill\"><a class=\"wp-block-button__link has-kubio-color-3-background-color has-background has-custom-font-size wp-element-button\" href=\"https:\/\/docs.google.com\/forms\/d\/e\/1FAIpQLSdPV7zmw8AVlJNBiZN6HjQaS9Ixz_KiM03l1yTWMRj1JkP74g\/viewform?usp=dialog\" style=\"border-style:none;border-width:0px;border-radius:0px;padding-top:var(--wp--preset--spacing--40);padding-right:0;padding-bottom:var(--wp--preset--spacing--40);padding-left:0;font-size:1.1em\"><strong>Formularz potwierdzaj\u0105cy obecno\u015b\u0107<\/strong><\/a><\/div>\n<\/div>\n","protected":false},"excerpt":{"rendered":"<p>Transport Chcemy, \u017ceby ka\u017cdy m\u00f3g\u0142 spokojnie dotrze\u0107 na \u015blub i wr\u00f3ci\u0107 po weselu bez stresu i kombinowania. Dlatego je\u015bli wiecie, \u017ce mo\u017cecie mie\u0107 problem z dojazdem albo powrotem, koniecznie dajcie nam zna\u0107 wcze\u015bniej. Na miejscu b\u0119dzie dost\u0119pny kierowca, kt\u00f3ry w razie potrzeby pomo\u017ce z transportem. Mo\u017ce Was zawie\u017a\u0107 na ceremoni\u0119, na sal\u0119 weseln\u0105 albo odwie\u017a\u0107 [&hellip;]<\/p>\n","protected":false},"author":1,"featured_media":0,"parent":0,"menu_order":0,"comment_status":"closed","ping_status":"closed","template":"","meta":{"saved_in_kubio":true,"footnotes":""},"class_list":["post-102","page","type-page","status-publish","hentry"],"kubio_ai_page_context":{"short_desc":"","purpose":"general"},"_links":{"self":[{"href":"https:\/\/alaibartek.pl\/index.php\/wp-json\/wp\/v2\/pages\/102","targetHints":{"allow":["GET"]}}],"collection":[{"href":"https:\/\/alaibartek.pl\/index.php\/wp-json\/wp\/v2\/pages"}],"about":[{"href":"https:\/\/alaibartek.pl\/index.php\/wp-json\/wp\/v2\/types\/page"}],"author":[{"embeddable":true,"href":"https:\/\/alaibartek.pl\/index.php\/wp-json\/wp\/v2\/users\/1"}],"replies":[{"embeddable":true,"href":"https:\/\/alaibartek.pl\/index.php\/wp-json\/wp\/v2\/comments?post=102"}],"version-history":[{"count":5,"href":"https:\/\/alaibartek.pl\/index.php\/wp-json\/wp\/v2\/pages\/102\/revisions"}],"predecessor-version":[{"id":131,"href":"https:\/\/alaibartek.pl\/index.php\/wp-json\/wp\/v2\/pages\/102\/revisions\/131"}],"wp:attachment":[{"href":"https:\/\/alaibartek.pl\/index.php\/wp-json\/wp\/v2\/media?parent=102"}],"curies":[{"name":"wp","href":"https:\/\/api.w.org\/{rel}","templated":true}]}}