{"id":176,"date":"2026-01-01T21:54:28","date_gmt":"2026-01-01T20:54:28","guid":{"rendered":"https:\/\/alaibartek.pl\/index.php\/plan-weekendu\/"},"modified":"2026-01-01T22:09:13","modified_gmt":"2026-01-01T21:09:13","slug":"plan-weekendu","status":"publish","type":"page","link":"https:\/\/alaibartek.pl\/index.php\/plan-weekendu\/","title":{"rendered":"Plan Weekendu"},"content":{"rendered":"\n<h3 class=\"wp-block-heading\">Plan Weekendu<\/h3>\n\n\n\n<p>\u017beby wszystko by\u0142o jasne i bez zgadywania, poni\u017cej zostawiamy plan naszego \u015blubnego weekendu. Godziny s\u0105 orientacyjne i maj\u0105 pom\u00f3c Wam spokojnie zaplanowa\u0107 przyjazd i powr\u00f3t.<\/p>\n\n\n\n<h3 class=\"wp-block-heading\">Sobota &#8211; Dzie\u0144 \u015alubu<\/h3>\n\n\n\n<p>W sobot\u0119 spotykamy si\u0119 na ceremonii \u015blubnej w ko\u015bciele. Po jej zako\u0144czeniu wszyscy razem jedziemy na sal\u0119 weseln\u0105, gdzie zaczniemy wsp\u00f3lne \u015bwi\u0119towanie. Obiad i dalsza cz\u0119\u015b\u0107 przyj\u0119cia rusz\u0105 nied\u0142ugo po przyje\u017adzie, a potem ju\u017c tylko rozmowy, ta\u0144ce i zabawa.<\/p>\n\n\n\n<p><strong>Ceremonia \u015blubna<br><\/strong>Godzina 15:00<br>Ko\u015bci\u00f3\u0142 pw. \u015bw. Stanis\u0142awa Biskupa M\u0119czennika w Wielgom\u0142ynach<\/p>\n\n\n\n<p>Przejazd na sal\u0119 weseln\u0105<br>Po zako\u0144czeniu ceremonii<\/p>\n\n\n\n<p><strong>Rozpocz\u0119cie przyj\u0119cia weselnego<\/strong><br>Oko\u0142o godziny 16:30<\/p>\n\n\n\n<p>Wsp\u00f3lna kolacja i zabawa<br>Do bia\u0142ego rana! \ud83d\ude42<\/p>\n\n\n\n<h3 class=\"wp-block-heading\">Niedziela &#8211; poprawiny<\/h3>\n\n\n\n<p><strong>Poprawiny<\/strong><br>Od godziny 13:00<\/p>\n\n\n\n<p>Spokojne spotkanie przy jedzeniu, rozmowach i podsumowanie wsp\u00f3lnego \u015bwi\u0119towania.<\/p>\n","protected":false},"excerpt":{"rendered":"<p>Plan Weekendu \u017beby wszystko by\u0142o jasne i bez zgadywania, poni\u017cej zostawiamy plan naszego \u015blubnego weekendu. Godziny s\u0105 orientacyjne i maj\u0105 pom\u00f3c Wam spokojnie zaplanowa\u0107 przyjazd i powr\u00f3t. Sobota &#8211; Dzie\u0144 \u015alubu W sobot\u0119 spotykamy si\u0119 na ceremonii \u015blubnej w ko\u015bciele. Po jej zako\u0144czeniu wszyscy razem jedziemy na sal\u0119 weseln\u0105, gdzie zaczniemy wsp\u00f3lne \u015bwi\u0119towanie. Obiad i [&hellip;]<\/p>\n","protected":false},"author":1,"featured_media":0,"parent":0,"menu_order":0,"comment_status":"closed","ping_status":"closed","template":"","meta":{"saved_in_kubio":true,"footnotes":""},"class_list":["post-176","page","type-page","status-publish","hentry"],"kubio_ai_page_context":{"short_desc":"","purpose":"general"},"_links":{"self":[{"href":"https:\/\/alaibartek.pl\/index.php\/wp-json\/wp\/v2\/pages\/176","targetHints":{"allow":["GET"]}}],"collection":[{"href":"https:\/\/alaibartek.pl\/index.php\/wp-json\/wp\/v2\/pages"}],"about":[{"href":"https:\/\/alaibartek.pl\/index.php\/wp-json\/wp\/v2\/types\/page"}],"author":[{"embeddable":true,"href":"https:\/\/alaibartek.pl\/index.php\/wp-json\/wp\/v2\/users\/1"}],"replies":[{"embeddable":true,"href":"https:\/\/alaibartek.pl\/index.php\/wp-json\/wp\/v2\/comments?post=176"}],"version-history":[{"count":1,"href":"https:\/\/alaibartek.pl\/index.php\/wp-json\/wp\/v2\/pages\/176\/revisions"}],"predecessor-version":[{"id":177,"href":"https:\/\/alaibartek.pl\/index.php\/wp-json\/wp\/v2\/pages\/176\/revisions\/177"}],"wp:attachment":[{"href":"https:\/\/alaibartek.pl\/index.php\/wp-json\/wp\/v2\/media?parent=176"}],"curies":[{"name":"wp","href":"https:\/\/api.w.org\/{rel}","templated":true}]}}