{"id":92,"date":"2025-12-22T18:56:29","date_gmt":"2025-12-22T17:56:29","guid":{"rendered":"https:\/\/serwer404844.lh.pl\/autoinstalator\/serwer404844.lh.pl\/wordpress144338\/?page_id=92"},"modified":"2025-12-22T18:59:44","modified_gmt":"2025-12-22T17:59:44","slug":"jak-dojechac","status":"publish","type":"page","link":"https:\/\/alaibartek.pl\/index.php\/jak-dojechac\/","title":{"rendered":"Jak dojecha\u0107?"},"content":{"rendered":"\n<h3 class=\"wp-block-heading\"><strong>Jak dojecha\u0107?<\/strong><\/h3>\n\n\n\n<p>W tej sekcji chcemy u\u0142atwi\u0107 Wam dotarcie zar\u00f3wno do ko\u015bcio\u0142a, jak i na sal\u0119 weseln\u0105. Wystarczy klikn\u0105\u0107 pinezk\u0119, a nawigacja poprowadzi Was prosto na miejsce.<\/p>\n\n\n\n<h3 class=\"wp-block-heading\"><strong>Ko\u015bci\u00f3\u0142<\/strong><\/h3>\n\n\n\n<p>To tutaj powiemy sobie \u201etak\u201d.<\/p>\n\n\n\n<div class=\"wp-block-gmap-gmap-block gmap-block-cijy4wxe\"><iframe src=\"https:\/\/maps.google.com\/maps?q=Wielgom%C5%82yny+ko%C5%9Bci%C3%B3%C5%82&amp;z=15&amp;t=h&amp;output=embed\" class=\"embd-map\" title=\"Wielgom\u0142yny ko\u015bci\u00f3\u0142\"><\/iframe><\/div>\n\n\n\n<h3 class=\"wp-block-heading\"><strong>Sala weselna<\/strong><\/h3>\n\n\n\n<p>Po ceremonii zapraszamy Was prosto na sal\u0119 weseln\u0105.<\/p>\n\n\n\n<div class=\"wp-block-gmap-gmap-block gmap-block-pnuxi22w\"><iframe src=\"https:\/\/maps.google.com\/maps?q=51.030526%2C+19.881194&amp;z=15&amp;t=h&amp;output=embed\" class=\"embd-map\" title=\"51.030526, 19.881194\"><\/iframe><\/div>\n","protected":false},"excerpt":{"rendered":"<p>Jak dojecha\u0107? W tej sekcji chcemy u\u0142atwi\u0107 Wam dotarcie zar\u00f3wno do ko\u015bcio\u0142a, jak i na sal\u0119 weseln\u0105. Wystarczy klikn\u0105\u0107 pinezk\u0119, a nawigacja poprowadzi Was prosto na miejsce. Ko\u015bci\u00f3\u0142 To tutaj powiemy sobie \u201etak\u201d. Sala weselna Po ceremonii zapraszamy Was prosto na sal\u0119 weseln\u0105.<\/p>\n","protected":false},"author":1,"featured_media":0,"parent":0,"menu_order":0,"comment_status":"closed","ping_status":"closed","template":"","meta":{"saved_in_kubio":true,"footnotes":""},"class_list":["post-92","page","type-page","status-publish","hentry"],"kubio_ai_page_context":{"short_desc":"","purpose":"general"},"_links":{"self":[{"href":"https:\/\/alaibartek.pl\/index.php\/wp-json\/wp\/v2\/pages\/92","targetHints":{"allow":["GET"]}}],"collection":[{"href":"https:\/\/alaibartek.pl\/index.php\/wp-json\/wp\/v2\/pages"}],"about":[{"href":"https:\/\/alaibartek.pl\/index.php\/wp-json\/wp\/v2\/types\/page"}],"author":[{"embeddable":true,"href":"https:\/\/alaibartek.pl\/index.php\/wp-json\/wp\/v2\/users\/1"}],"replies":[{"embeddable":true,"href":"https:\/\/alaibartek.pl\/index.php\/wp-json\/wp\/v2\/comments?post=92"}],"version-history":[{"count":2,"href":"https:\/\/alaibartek.pl\/index.php\/wp-json\/wp\/v2\/pages\/92\/revisions"}],"predecessor-version":[{"id":96,"href":"https:\/\/alaibartek.pl\/index.php\/wp-json\/wp\/v2\/pages\/92\/revisions\/96"}],"wp:attachment":[{"href":"https:\/\/alaibartek.pl\/index.php\/wp-json\/wp\/v2\/media?parent=92"}],"curies":[{"name":"wp","href":"https:\/\/api.w.org\/{rel}","templated":true}]}}